{"id":410,"date":"2020-04-22T13:34:50","date_gmt":"2020-04-22T11:34:50","guid":{"rendered":"http:\/\/www.dunavplast.com\/novisajt\/?page_id=410"},"modified":"2021-11-26T13:56:16","modified_gmt":"2021-11-26T12:56:16","slug":"aktuelnosti","status":"publish","type":"page","link":"https:\/\/www.dunavplast.com\/eng\/aktuelnosti\/","title":{"rendered":"News"},"content":{"rendered":"<div data-elementor-type=\"wp-page\" data-elementor-id=\"410\" class=\"elementor elementor-410\" data-elementor-settings=\"[]\">\n\t\t\t\t\t\t\t<div class=\"elementor-section-wrap\">\n\t\t\t\t\t\t\t<section class=\"elementor-section elementor-top-section elementor-element elementor-element-8d23eb7 elementor-section-stretched scheme_default elementor-section-boxed elementor-section-height-default elementor-section-height-default sc_fly_static\" data-id=\"8d23eb7\" data-element_type=\"section\" data-settings=\"{&quot;stretch_section&quot;:&quot;section-stretched&quot;,&quot;background_background&quot;:&quot;classic&quot;}\">\n\t\t\t\t\t\t<div class=\"elementor-container elementor-column-gap-extended\">\n\t\t\t\t\t<div class=\"elementor-column elementor-col-100 elementor-top-column elementor-element elementor-element-5550cc1 sc_inner_width_none sc_content_align_inherit sc_layouts_column_icons_position_left sc_fly_static\" data-id=\"5550cc1\" data-element_type=\"column\">\n\t\t\t<div class=\"elementor-widget-wrap elementor-element-populated\">\n\t\t\t\t\t\t\t\t<div class=\"elementor-element elementor-element-f0435f0 animation_type_block sc_fly_static elementor-widget elementor-widget-trx_sc_title\" data-id=\"f0435f0\" data-element_type=\"widget\" data-widget_type=\"trx_sc_title.default\">\n\t\t\t\t<div class=\"elementor-widget-container\">\n\t\t\t<div\t\tclass=\"sc_title sc_title_accent\" ><span class=\"sc_item_subtitle sc_title_subtitle sc_align_center sc_item_subtitle_above sc_item_title_style_accent\">latest<\/span><h1 class=\"sc_item_title sc_title_title sc_align_center sc_item_title_style_accent sc_item_title_tag\"\n\t\t\t><span class=\"sc_item_title_text\">NEWS<\/span><\/h1><\/div>\t\t<\/div>\n\t\t\t\t<\/div>\n\t\t\t\t\t<\/div>\n\t\t<\/div>\n\t\t\t\t\t\t\t<\/div>\n\t\t<\/section>\n\t\t\t\t<section class=\"elementor-section elementor-top-section elementor-element elementor-element-a552fed elementor-section-stretched scheme_default elementor-section-boxed elementor-section-height-default elementor-section-height-default sc_fly_static\" data-id=\"a552fed\" data-element_type=\"section\" data-settings=\"{&quot;stretch_section&quot;:&quot;section-stretched&quot;,&quot;background_background&quot;:&quot;classic&quot;}\">\n\t\t\t\t\t\t<div class=\"elementor-container elementor-column-gap-extended\">\n\t\t\t\t\t<div class=\"elementor-column elementor-col-100 elementor-top-column elementor-element elementor-element-ccc5f7d sc_inner_width_none sc_content_align_inherit sc_layouts_column_icons_position_left sc_fly_static\" data-id=\"ccc5f7d\" data-element_type=\"column\">\n\t\t\t<div class=\"elementor-widget-wrap elementor-element-populated\">\n\t\t\t\t\t\t\t\t<div class=\"elementor-element elementor-element-242cc6c sc_layouts_hide_on_tablet animation_type_block sc_fly_static elementor-widget elementor-widget-spacer\" data-id=\"242cc6c\" data-element_type=\"widget\" data-widget_type=\"spacer.default\">\n\t\t\t\t<div class=\"elementor-widget-container\">\n\t\t\t\t\t<div class=\"elementor-spacer\">\n\t\t\t<div class=\"elementor-spacer-inner\"><\/div>\n\t\t<\/div>\n\t\t\t\t<\/div>\n\t\t\t\t<\/div>\n\t\t\t\t<div class=\"elementor-element elementor-element-c8b3204 sc_style_default animation_type_block sc_fly_static elementor-widget elementor-widget-trx_sc_blogger\" data-id=\"c8b3204\" data-element_type=\"widget\" data-widget_type=\"trx_sc_blogger.default\">\n\t\t\t\t<div class=\"elementor-widget-container\">\n\t\t\t<div \t\tclass=\"sc_blogger sc_blogger_excerpt sc_blogger_excerpt_default sc_item_filters_tabs_none alignnone\" ><div class=\"sc_blogger_content sc_item_content sc_item_posts_container posts_container excerpt_wrap excerpt_3 columns_wrap columns_padding_bottom columns_in_single_row\" >\t\t<div class=\"column-1_3\">\n\t\t<article id=\"post-20128\" data-post-id=\"20128\"\n\tclass=\"post_item post_item_container post_layout_excerpt post_format_standard post-20128 post type-post status-publish format-standard has-post-thumbnail hentry category-aktuelnosti\">\n\t<div class=\"post_featured with_thumb hover_link\"><img loading=\"lazy\" decoding=\"async\" width=\"840\" height=\"473\" src=\"https:\/\/www.dunavplast.com\/wp-content\/uploads\/2024\/01\/COVER-840x473.jpg\" class=\"attachment-qwery-thumb-big size-qwery-thumb-big wp-post-image\" alt=\"\" srcset=\"https:\/\/www.dunavplast.com\/wp-content\/uploads\/2024\/01\/COVER-840x473.jpg 840w, https:\/\/www.dunavplast.com\/wp-content\/uploads\/2024\/01\/COVER-18x9.jpg 18w, https:\/\/www.dunavplast.com\/wp-content\/uploads\/2024\/01\/COVER-410x230.jpg 410w, https:\/\/www.dunavplast.com\/wp-content\/uploads\/2024\/01\/COVER-270x152.jpg 270w\" sizes=\"(max-width: 840px) 100vw, 840px\" \/>\t\t\t\t\t\t<div class=\"mask\"><\/div>\n\t\t\t\t\t\t\t\t\t<a href=\"https:\/\/www.dunavplast.com\/eng\/belgrade-medident-2023\/\"  aria-hidden=\"true\" class=\"link\"><\/a>\n\t\t\t<\/div>\t\t<div class=\"post_header entry-header\">\n\t\t\t<h3 class=\"post_title entry-title\"><a href=\"https:\/\/www.dunavplast.com\/eng\/belgrade-medident-2023\/\" rel=\"bookmark\">Belgrade &#8211; MEDIDENT 2023<\/a><\/h3>\t\t<\/div><!-- .post_header -->\n\t\t\t\t<div class=\"post_content entry-content\">\n\t\t\t<div class=\"post_meta\"><span class=\"post_meta_item post_categories cat_sep\"><a href=\"https:\/\/www.dunavplast.com\/eng\/category\/aktuelnosti\/\" rel=\"category tag\">News<\/a><\/span><span class=\"post_meta_item post_date\"><a href=\"https:\/\/www.dunavplast.com\/eng\/belgrade-medident-2023\/\">26. January 2024.<\/a><\/span><\/div><div class=\"post_content_inner\">Imali smo priliku da izla\u017eemo na\u0161 asortiman na me\u0111unarodnom sajmu medicine \u2013 MEDIDENT 2023, koji se odr\u017eao u Beogradu od 30.11. do 02.12. u hali 3 Beogradskog sajma. Ovim putem&hellip;<\/div><p><a class=\"post-more-link\" href=\"https:\/\/www.dunavplast.com\/eng\/belgrade-medident-2023\/\"><span class=\"link-text\">Ostale vesti<\/span><span class=\"more-link-icon\"><\/span><\/a><\/p>\t\t<\/div><!-- .entry-content -->\n\t\t<\/article>\n\t\t<\/div>\n\t\t\t\t<div class=\"column-1_3\">\n\t\t<article id=\"post-20116\" data-post-id=\"20116\"\n\tclass=\"post_item post_item_container post_layout_excerpt post_format_standard post-20116 post type-post status-publish format-standard has-post-thumbnail hentry category-aktuelnosti\">\n\t<div class=\"post_featured with_thumb hover_link\"><img loading=\"lazy\" decoding=\"async\" width=\"840\" height=\"473\" src=\"https:\/\/www.dunavplast.com\/wp-content\/uploads\/2023\/12\/cover-840x473.jpg\" class=\"attachment-qwery-thumb-big size-qwery-thumb-big wp-post-image\" alt=\"\" srcset=\"https:\/\/www.dunavplast.com\/wp-content\/uploads\/2023\/12\/cover-840x473.jpg 840w, https:\/\/www.dunavplast.com\/wp-content\/uploads\/2023\/12\/cover-18x9.jpg 18w, https:\/\/www.dunavplast.com\/wp-content\/uploads\/2023\/12\/cover-410x230.jpg 410w, https:\/\/www.dunavplast.com\/wp-content\/uploads\/2023\/12\/cover-270x152.jpg 270w\" sizes=\"(max-width: 840px) 100vw, 840px\" \/>\t\t\t\t\t\t<div class=\"mask\"><\/div>\n\t\t\t\t\t\t\t\t\t<a href=\"https:\/\/www.dunavplast.com\/eng\/medica-2023-2\/\"  aria-hidden=\"true\" class=\"link\"><\/a>\n\t\t\t<\/div>\t\t<div class=\"post_header entry-header\">\n\t\t\t<h3 class=\"post_title entry-title\"><a href=\"https:\/\/www.dunavplast.com\/eng\/medica-2023-2\/\" rel=\"bookmark\">MEDICA 2023<\/a><\/h3>\t\t<\/div><!-- .post_header -->\n\t\t\t\t<div class=\"post_content entry-content\">\n\t\t\t<div class=\"post_meta\"><span class=\"post_meta_item post_categories cat_sep\"><a href=\"https:\/\/www.dunavplast.com\/eng\/category\/aktuelnosti\/\" rel=\"category tag\">News<\/a><\/span><span class=\"post_meta_item post_date\"><a href=\"https:\/\/www.dunavplast.com\/eng\/medica-2023-2\/\">6. December 2023.<\/a><\/span><\/div><div class=\"post_content_inner\">Jo\u0161 jedan uspe\u0161an nastup u Dizeldorfu na najve\u0107em sajmu medicine u svetu \u2013 MEDICA 2023. Osim u\u010dvr\u0161\u0107ivanja veza sa postoje\u0107im partnerima, imali smo prilike da oformimo i nove saradnje. Preko&hellip;<\/div><p><a class=\"post-more-link\" href=\"https:\/\/www.dunavplast.com\/eng\/medica-2023-2\/\"><span class=\"link-text\">Ostale vesti<\/span><span class=\"more-link-icon\"><\/span><\/a><\/p>\t\t<\/div><!-- .entry-content -->\n\t\t<\/article>\n\t\t<\/div>\n\t\t\t\t<div class=\"column-1_3\">\n\t\t<article id=\"post-20109\" data-post-id=\"20109\"\n\tclass=\"post_item post_item_container post_layout_excerpt post_format_standard post-20109 post type-post status-publish format-standard has-post-thumbnail hentry category-aktuelnosti\">\n\t<div class=\"post_featured with_thumb hover_link\"><img loading=\"lazy\" decoding=\"async\" width=\"840\" height=\"473\" src=\"https:\/\/www.dunavplast.com\/wp-content\/uploads\/2023\/11\/austria-srb-2-840x473.jpg\" class=\"attachment-qwery-thumb-big size-qwery-thumb-big wp-post-image\" alt=\"\" srcset=\"https:\/\/www.dunavplast.com\/wp-content\/uploads\/2023\/11\/austria-srb-2-840x473.jpg 840w, https:\/\/www.dunavplast.com\/wp-content\/uploads\/2023\/11\/austria-srb-2-1290x725.jpg 1290w, https:\/\/www.dunavplast.com\/wp-content\/uploads\/2023\/11\/austria-srb-2-410x230.jpg 410w, https:\/\/www.dunavplast.com\/wp-content\/uploads\/2023\/11\/austria-srb-2-270x152.jpg 270w\" sizes=\"(max-width: 840px) 100vw, 840px\" \/>\t\t\t\t\t\t<div class=\"mask\"><\/div>\n\t\t\t\t\t\t\t\t\t<a href=\"https:\/\/www.dunavplast.com\/eng\/saradnja-sa-austrijom\/\"  aria-hidden=\"true\" class=\"link\"><\/a>\n\t\t\t<\/div>\t\t<div class=\"post_header entry-header\">\n\t\t\t<h3 class=\"post_title entry-title\"><a href=\"https:\/\/www.dunavplast.com\/eng\/saradnja-sa-austrijom\/\" rel=\"bookmark\">Collaboration with Austria<\/a><\/h3>\t\t<\/div><!-- .post_header -->\n\t\t\t\t<div class=\"post_content entry-content\">\n\t\t\t<div class=\"post_meta\"><span class=\"post_meta_item post_categories cat_sep\"><a href=\"https:\/\/www.dunavplast.com\/eng\/category\/aktuelnosti\/\" rel=\"category tag\">News<\/a><\/span><span class=\"post_meta_item post_date\"><a href=\"https:\/\/www.dunavplast.com\/eng\/saradnja-sa-austrijom\/\">13. November 2023.<\/a><\/span><\/div><div class=\"post_content_inner\">Sa zadovoljstvom Vas obave\u0161tavamo da \u0107e u naredne 4 godine, austrijsko tr\u017ei\u0161te biti snabdevano proizvodima iz na\u0161eg DP Sharps\u00ae asortimana, i to sa vi\u0161e od 80.000 kontejnera za infektivni otpad&hellip;<\/div><p><a class=\"post-more-link\" href=\"https:\/\/www.dunavplast.com\/eng\/saradnja-sa-austrijom\/\"><span class=\"link-text\">Ostale vesti<\/span><span class=\"more-link-icon\"><\/span><\/a><\/p>\t\t<\/div><!-- .entry-content -->\n\t\t<\/article>\n\t\t<\/div>\n\t\t<\/div><nav class=\"sc_blogger_pagination sc_item_pagination sc_item_pagination_load_more nav-links-more  sc_align_none\" data-params=\"a:115:{s:3:&quot;cat&quot;;a:2:{i:0;s:0:&quot;&quot;;i:1;s:1:&quot;7&quot;;}s:7:&quot;columns&quot;;i:3;s:14:&quot;columns_tablet&quot;;s:0:&quot;&quot;;s:14:&quot;columns_mobile&quot;;s:0:&quot;&quot;;s:5:&quot;count&quot;;i:3;s:6:&quot;offset&quot;;i:0;s:7:&quot;orderby&quot;;s:9:&quot;post_date&quot;;s:5:&quot;order&quot;;s:4:&quot;desc&quot;;s:3:&quot;ids&quot;;s:0:&quot;&quot;;s:6:&quot;slider&quot;;b:0;s:17:&quot;slider_pagination&quot;;s:4:&quot;none&quot;;s:22:&quot;slider_pagination_type&quot;;s:7:&quot;bullets&quot;;s:24:&quot;slider_pagination_thumbs&quot;;i:0;s:15:&quot;slider_controls&quot;;s:4:&quot;none&quot;;s:12:&quot;slides_space&quot;;i:0;s:15:&quot;slides_centered&quot;;s:0:&quot;&quot;;s:15:&quot;slides_overflow&quot;;s:0:&quot;&quot;;s:18:&quot;slider_mouse_wheel&quot;;s:0:&quot;&quot;;s:15:&quot;slider_autoplay&quot;;s:1:&quot;1&quot;;s:16:&quot;slider_free_mode&quot;;s:0:&quot;&quot;;s:5:&quot;title&quot;;s:0:&quot;&quot;;s:11:&quot;title_align&quot;;s:4:&quot;none&quot;;s:11:&quot;title_style&quot;;s:7:&quot;default&quot;;s:9:&quot;title_tag&quot;;s:4:&quot;none&quot;;s:11:&quot;title_color&quot;;s:0:&quot;&quot;;s:12:&quot;title_color2&quot;;s:0:&quot;&quot;;s:18:&quot;gradient_direction&quot;;s:1:&quot;0&quot;;s:8:&quot;subtitle&quot;;s:0:&quot;&quot;;s:14:&quot;subtitle_align&quot;;s:4:&quot;none&quot;;s:17:&quot;subtitle_position&quot;;s:5:&quot;above&quot;;s:11:&quot;description&quot;;s:0:&quot;&quot;;s:4:&quot;link&quot;;s:0:&quot;&quot;;s:10:&quot;link_style&quot;;s:7:&quot;default&quot;;s:10:&quot;link_image&quot;;s:0:&quot;&quot;;s:9:&quot;link_text&quot;;s:0:&quot;&quot;;s:10:&quot;new_window&quot;;i:0;s:5:&quot;typed&quot;;s:0:&quot;&quot;;s:13:&quot;typed_strings&quot;;s:0:&quot;&quot;;s:10:&quot;typed_loop&quot;;s:1:&quot;1&quot;;s:12:&quot;typed_cursor&quot;;s:1:&quot;1&quot;;s:17:&quot;typed_cursor_char&quot;;s:1:&quot;_&quot;;s:11:&quot;typed_color&quot;;s:0:&quot;&quot;;s:11:&quot;typed_speed&quot;;s:1:&quot;6&quot;;s:11:&quot;typed_delay&quot;;s:1:&quot;1&quot;;s:2:&quot;id&quot;;s:0:&quot;&quot;;s:5:&quot;class&quot;;s:0:&quot;&quot;;s:9:&quot;className&quot;;s:0:&quot;&quot;;s:3:&quot;css&quot;;s:0:&quot;&quot;;s:4:&quot;type&quot;;s:7:&quot;excerpt&quot;;s:9:&quot;post_type&quot;;s:4:&quot;post&quot;;s:8:&quot;taxonomy&quot;;s:8:&quot;category&quot;;s:12:&quot;show_filters&quot;;s:0:&quot;&quot;;s:13:&quot;filters_title&quot;;s:0:&quot;&quot;;s:16:&quot;filters_subtitle&quot;;s:0:&quot;&quot;;s:19:&quot;filters_title_align&quot;;s:4:&quot;left&quot;;s:21:&quot;filters_tabs_position&quot;;s:3:&quot;top&quot;;s:21:&quot;filters_tabs_on_hover&quot;;s:0:&quot;&quot;;s:16:&quot;filters_taxonomy&quot;;s:8:&quot;category&quot;;s:14:&quot;filters_active&quot;;s:0:&quot;&quot;;s:11:&quot;filters_ids&quot;;a:0:{}s:11:&quot;filters_all&quot;;s:1:&quot;1&quot;;s:16:&quot;filters_all_text&quot;;s:0:&quot;&quot;;s:17:&quot;filters_more_text&quot;;s:10:&quot;More posts&quot;;s:10:&quot;meta_parts&quot;;a:2:{i:0;s:10:&quot;categories&quot;;i:1;s:4:&quot;date&quot;;}s:14:&quot;image_position&quot;;s:3:&quot;top&quot;;s:11:&quot;image_width&quot;;s:2:&quot;40&quot;;s:11:&quot;image_ratio&quot;;s:4:&quot;none&quot;;s:10:&quot;thumb_size&quot;;s:0:&quot;&quot;;s:5:&quot;hover&quot;;s:7:&quot;inherit&quot;;s:11:&quot;date_format&quot;;s:0:&quot;&quot;;s:8:&quot;on_plate&quot;;s:0:&quot;&quot;;s:12:&quot;hide_excerpt&quot;;s:0:&quot;&quot;;s:14:&quot;excerpt_length&quot;;s:0:&quot;&quot;;s:10:&quot;text_align&quot;;s:4:&quot;none&quot;;s:9:&quot;no_margin&quot;;s:0:&quot;&quot;;s:8:&quot;no_links&quot;;s:0:&quot;&quot;;s:9:&quot;full_post&quot;;s:0:&quot;&quot;;s:14:&quot;video_in_popup&quot;;s:0:&quot;&quot;;s:7:&quot;numbers&quot;;s:0:&quot;&quot;;s:11:&quot;more_button&quot;;s:1:&quot;1&quot;;s:9:&quot;more_text&quot;;s:12:&quot;Ostale vesti&quot;;s:10:&quot;pagination&quot;;s:9:&quot;load_more&quot;;s:4:&quot;page&quot;;i:1;s:5:&quot;align&quot;;s:4:&quot;none&quot;;s:16:&quot;template_default&quot;;s:7:&quot;classic&quot;;s:13:&quot;template_list&quot;;s:6:&quot;simple&quot;;s:13:&quot;template_news&quot;;s:8:&quot;magazine&quot;;s:22:&quot;template_lay_portfolio&quot;;s:7:&quot;style-1&quot;;s:27:&quot;template_lay_portfolio_grid&quot;;s:12:&quot;grid_style_3&quot;;s:19:&quot;template_portmodern&quot;;s:10:&quot;image-over&quot;;s:19:&quot;template_portestate&quot;;s:7:&quot;default&quot;;s:16:&quot;template_excerpt&quot;;s:7:&quot;default&quot;;s:13:&quot;template_band&quot;;s:0:&quot;&quot;;s:16:&quot;template_classic&quot;;s:0:&quot;&quot;;s:24:&quot;template_classic-masonry&quot;;s:0:&quot;&quot;;s:18:&quot;template_portfolio&quot;;s:0:&quot;&quot;;s:26:&quot;template_portfolio-masonry&quot;;s:0:&quot;&quot;;s:13:&quot;columns_extra&quot;;a:3:{s:4:&quot;unit&quot;;s:2:&quot;px&quot;;s:4:&quot;size&quot;;i:3;s:5:&quot;sizes&quot;;a:0:{}}s:11:&quot;count_extra&quot;;a:3:{s:4:&quot;unit&quot;;s:2:&quot;px&quot;;s:4:&quot;size&quot;;i:3;s:5:&quot;sizes&quot;;a:0:{}}s:20:&quot;columns_tablet_extra&quot;;a:3:{s:4:&quot;unit&quot;;s:2:&quot;px&quot;;s:4:&quot;size&quot;;s:0:&quot;&quot;;s:5:&quot;sizes&quot;;a:0:{}}s:20:&quot;columns_mobile_extra&quot;;a:3:{s:4:&quot;unit&quot;;s:2:&quot;px&quot;;s:4:&quot;size&quot;;s:0:&quot;&quot;;s:5:&quot;sizes&quot;;a:0:{}}s:12:&quot;offset_extra&quot;;a:3:{s:4:&quot;unit&quot;;s:2:&quot;px&quot;;s:4:&quot;size&quot;;i:0;s:5:&quot;sizes&quot;;a:0:{}}s:17:&quot;image_width_extra&quot;;a:3:{s:4:&quot;unit&quot;;s:2:&quot;px&quot;;s:4:&quot;size&quot;;i:40;s:5:&quot;sizes&quot;;a:0:{}}s:18:&quot;slides_space_extra&quot;;a:3:{s:4:&quot;unit&quot;;s:2:&quot;px&quot;;s:4:&quot;size&quot;;i:0;s:5:&quot;sizes&quot;;a:0:{}}s:24:&quot;gradient_direction_extra&quot;;a:3:{s:4:&quot;unit&quot;;s:2:&quot;px&quot;;s:4:&quot;size&quot;;i:0;s:5:&quot;sizes&quot;;a:0:{}}s:17:&quot;typed_speed_extra&quot;;a:3:{s:4:&quot;unit&quot;;s:2:&quot;px&quot;;s:4:&quot;size&quot;;i:6;s:5:&quot;sizes&quot;;a:0:{}}s:17:&quot;typed_delay_extra&quot;;a:3:{s:4:&quot;unit&quot;;s:2:&quot;px&quot;;s:4:&quot;size&quot;;i:1;s:5:&quot;sizes&quot;;a:0:{}}s:10:&quot;link_extra&quot;;a:4:{s:3:&quot;url&quot;;s:0:&quot;&quot;;s:11:&quot;is_external&quot;;s:0:&quot;&quot;;s:8:&quot;nofollow&quot;;s:0:&quot;&quot;;s:17:&quot;custom_attributes&quot;;s:0:&quot;&quot;;}s:16:&quot;link_image_extra&quot;;a:2:{s:3:&quot;url&quot;;s:0:&quot;&quot;;s:2:&quot;id&quot;;s:0:&quot;&quot;;}s:6:&quot;scheme&quot;;s:0:&quot;&quot;;s:11:&quot;color_style&quot;;s:7:&quot;default&quot;;s:22:&quot;mouse_helper_highlight&quot;;s:1:&quot;0&quot;;s:15:&quot;posts_container&quot;;s:74:&quot;posts_container excerpt_wrap excerpt_3 columns_wrap columns_padding_bottom&quot;;s:11:&quot;item_number&quot;;i:3;s:2:&quot;sc&quot;;s:10:&quot;sc_blogger&quot;;}\">\n\t\t\t\t<a class=\"nav-links\" data-page=\"2\" data-max-page=\"5\"><span>Ostale vesti<\/span><\/a>\n\t\t\t<\/nav><\/div>\t\t<\/div>\n\t\t\t\t<\/div>\n\t\t\t\t<div class=\"elementor-element elementor-element-b1f72cb animation_type_block sc_fly_static elementor-widget elementor-widget-spacer\" data-id=\"b1f72cb\" data-element_type=\"widget\" data-widget_type=\"spacer.default\">\n\t\t\t\t<div class=\"elementor-widget-container\">\n\t\t\t\t\t<div class=\"elementor-spacer\">\n\t\t\t<div class=\"elementor-spacer-inner\"><\/div>\n\t\t<\/div>\n\t\t\t\t<\/div>\n\t\t\t\t<\/div>\n\t\t\t\t\t<\/div>\n\t\t<\/div>\n\t\t\t\t\t\t\t<\/div>\n\t\t<\/section>\n\t\t\t\t\t\t<\/div>\n\t\t\t\t\t<\/div>","protected":false},"excerpt":{"rendered":"<p>poslednje vesti AKTUELNOSTI Dunavplast Korp je nastupio na Medica sajmu u Dizeldorfu Aktuelnosti15 minuta agoVeliko interesovanje za na\u0161e proizvode, posebno za DP Sharps. U periodu od 15. Do 18. novembra&hellip;<\/p>","protected":false},"author":1,"featured_media":0,"parent":0,"menu_order":0,"comment_status":"closed","ping_status":"closed","template":"","meta":{"inline_featured_image":false,"_exactmetrics_skip_tracking":false,"_exactmetrics_sitenote_active":false,"_exactmetrics_sitenote_note":"","_exactmetrics_sitenote_category":0,"footnotes":""},"class_list":["post-410","page","type-page","status-publish","hentry"],"aioseo_notices":[],"_links":{"self":[{"href":"https:\/\/www.dunavplast.com\/eng\/wp-json\/wp\/v2\/pages\/410"}],"collection":[{"href":"https:\/\/www.dunavplast.com\/eng\/wp-json\/wp\/v2\/pages"}],"about":[{"href":"https:\/\/www.dunavplast.com\/eng\/wp-json\/wp\/v2\/types\/page"}],"author":[{"embeddable":true,"href":"https:\/\/www.dunavplast.com\/eng\/wp-json\/wp\/v2\/users\/1"}],"replies":[{"embeddable":true,"href":"https:\/\/www.dunavplast.com\/eng\/wp-json\/wp\/v2\/comments?post=410"}],"version-history":[{"count":44,"href":"https:\/\/www.dunavplast.com\/eng\/wp-json\/wp\/v2\/pages\/410\/revisions"}],"predecessor-version":[{"id":19856,"href":"https:\/\/www.dunavplast.com\/eng\/wp-json\/wp\/v2\/pages\/410\/revisions\/19856"}],"wp:attachment":[{"href":"https:\/\/www.dunavplast.com\/eng\/wp-json\/wp\/v2\/media?parent=410"}],"curies":[{"name":"wp","href":"https:\/\/api.w.org\/{rel}","templated":true}]}}