{"id":17483,"date":"2021-08-02T11:46:01","date_gmt":"2021-08-02T09:46:01","guid":{"rendered":"http:\/\/www.dunavplast.com\/novisajt\/?page_id=17483"},"modified":"2021-08-23T10:12:27","modified_gmt":"2021-08-23T08:12:27","slug":"duvana-ambalaza","status":"publish","type":"page","link":"https:\/\/www.dunavplast.com\/eng\/proizvodi\/duvana-ambalaza\/","title":{"rendered":"Blow molding packagings"},"content":{"rendered":"<div data-elementor-type=\"wp-page\" data-elementor-id=\"17483\" class=\"elementor elementor-17483\" data-elementor-settings=\"[]\">\n\t\t\t\t\t\t\t<div class=\"elementor-section-wrap\">\n\t\t\t\t\t\t\t<section class=\"elementor-section elementor-top-section elementor-element elementor-element-5ce860d elementor-section-boxed elementor-section-height-default elementor-section-height-default sc_fly_static\" data-id=\"5ce860d\" data-element_type=\"section\">\n\t\t\t\t\t\t<div class=\"elementor-container elementor-column-gap-extended\">\n\t\t\t\t\t<div class=\"elementor-column elementor-col-100 elementor-top-column elementor-element elementor-element-36bbf9a sc_inner_width_none sc_content_align_inherit sc_layouts_column_icons_position_left sc_fly_static\" data-id=\"36bbf9a\" data-element_type=\"column\">\n\t\t\t<div class=\"elementor-widget-wrap elementor-element-populated\">\n\t\t\t\t\t\t\t\t<div class=\"elementor-element elementor-element-2c41ddf sc_height_huge animation_type_block sc_fly_static elementor-widget elementor-widget-spacer\" data-id=\"2c41ddf\" data-element_type=\"widget\" data-widget_type=\"spacer.default\">\n\t\t\t\t<div class=\"elementor-widget-container\">\n\t\t\t\t\t<div class=\"elementor-spacer\">\n\t\t\t<div class=\"elementor-spacer-inner\"><\/div>\n\t\t<\/div>\n\t\t\t\t<\/div>\n\t\t\t\t<\/div>\n\t\t\t\t\t<\/div>\n\t\t<\/div>\n\t\t\t\t\t\t\t<\/div>\n\t\t<\/section>\n\t\t\t\t<section class=\"elementor-section elementor-top-section elementor-element elementor-element-322e6a7 elementor-section-stretched elementor-section-content-top elementor-section-boxed elementor-section-height-default elementor-section-height-default sc_fly_static\" data-id=\"322e6a7\" data-element_type=\"section\" data-settings=\"{&quot;stretch_section&quot;:&quot;section-stretched&quot;,&quot;background_background&quot;:&quot;classic&quot;}\">\n\t\t\t\t\t\t<div class=\"elementor-container elementor-column-gap-extended\">\n\t\t\t\t\t<div class=\"elementor-column elementor-col-100 elementor-top-column elementor-element elementor-element-f23ca4b sc_inner_width_none sc_content_align_inherit sc_layouts_column_icons_position_left sc_fly_static\" data-id=\"f23ca4b\" data-element_type=\"column\">\n\t\t\t<div class=\"elementor-widget-wrap elementor-element-populated\">\n\t\t\t\t\t\t\t\t<div class=\"elementor-element elementor-element-03c54c0 animation_type_block sc_fly_static elementor-widget elementor-widget-trx_sc_title\" data-id=\"03c54c0\" data-element_type=\"widget\" data-widget_type=\"trx_sc_title.default\">\n\t\t\t\t<div class=\"elementor-widget-container\">\n\t\t\t<div\t\tclass=\"sc_title sc_title_default\" ><span class=\"sc_item_subtitle sc_title_subtitle sc_align_center sc_item_subtitle_above sc_item_title_style_default\">Select a product group subcategory<\/span><h1 class=\"sc_item_title sc_title_title sc_align_center sc_item_title_style_default sc_item_title_tag\"\n\t\t\t><span class=\"sc_item_title_text\">Blow molding packagings<\/span><\/h1><\/div>\t\t<\/div>\n\t\t\t\t<\/div>\n\t\t\t\t\t<\/div>\n\t\t<\/div>\n\t\t\t\t\t\t\t<\/div>\n\t\t<\/section>\n\t\t\t\t<section class=\"elementor-section elementor-top-section elementor-element elementor-element-4bbcb81 elementor-section-boxed elementor-section-height-default elementor-section-height-default sc_fly_static\" data-id=\"4bbcb81\" data-element_type=\"section\">\n\t\t\t\t\t\t<div class=\"elementor-container elementor-column-gap-extended\">\n\t\t\t\t\t<div class=\"elementor-column elementor-col-100 elementor-top-column elementor-element elementor-element-9fe8d62 sc_inner_width_none sc_content_align_inherit sc_layouts_column_icons_position_left sc_fly_static\" data-id=\"9fe8d62\" data-element_type=\"column\">\n\t\t\t<div class=\"elementor-widget-wrap\">\n\t\t\t\t\t\t\t\t\t<\/div>\n\t\t<\/div>\n\t\t\t\t\t\t\t<\/div>\n\t\t<\/section>\n\t\t\t\t<section class=\"elementor-section-with-custom-width elementor-section elementor-top-section elementor-element elementor-element-59fbeea scheme_default elementor-section-boxed elementor-section-height-default elementor-section-height-default sc_fly_static\" data-id=\"59fbeea\" data-element_type=\"section\" data-settings=\"{&quot;background_background&quot;:&quot;classic&quot;}\">\n\t\t\t\t\t\t<div class=\"elementor-container elementor-column-gap-extended\">\n\t\t\t\t\t<div class=\"elementor-column elementor-col-100 elementor-top-column elementor-element elementor-element-89f7b57 sc_inner_width_none sc_content_align_inherit sc_layouts_column_icons_position_left sc_fly_static\" data-id=\"89f7b57\" data-element_type=\"column\">\n\t\t\t<div class=\"elementor-widget-wrap elementor-element-populated\">\n\t\t\t\t\t\t\t\t<div class=\"elementor-element elementor-element-c984ed6 sc_height_huge animation_type_block sc_fly_static elementor-widget elementor-widget-spacer\" data-id=\"c984ed6\" data-element_type=\"widget\" data-widget_type=\"spacer.default\">\n\t\t\t\t<div class=\"elementor-widget-container\">\n\t\t\t\t\t<div class=\"elementor-spacer\">\n\t\t\t<div class=\"elementor-spacer-inner\"><\/div>\n\t\t<\/div>\n\t\t\t\t<\/div>\n\t\t\t\t<\/div>\n\t\t\t\t<div class=\"elementor-element elementor-element-c5c3fc0 animation_type_block sc_fly_static elementor-widget elementor-widget-trx_sc_services\" data-id=\"c5c3fc0\" data-element_type=\"widget\" data-widget_type=\"trx_sc_services.default\">\n\t\t\t\t<div class=\"elementor-widget-container\">\n\t\t\t<div class=\"sc_services color_style_link2 sc_services_extra sc_services_featured_top\"><div class=\"sc_services_columns_wrap sc_item_columns sc_item_posts_container sc_item_columns_2 trx_addons_columns_wrap columns_padding_bottom columns_in_single_row\"><div class=\"trx_addons_column-1_2\"><div data-post-id=\"17543\" class=\"sc_services_item sc_item_container post_container with_content with_more with_image with_number post-17543 page type-page status-publish has-post-thumbnail hentry\">\n\t\t<div class=\"sc_services_item_content\" style=\"background-image: url(https:\/\/www.dunavplast.com\/wp-content\/uploads\/2021\/08\/boce-cover.jpg);\">\n\t\t\t\t<div class=\"sc_services_item_content_inner\"><div class=\"sc_services_item_content_inner_top\"><span class=\"sc_services_item_number\">01<\/span><\/div><div class=\"sc_services_item_content_inner_bottom\">\n                <h6 class=\"sc_services_item_title\"><a href=\"https:\/\/www.dunavplast.com\/eng\/proizvodi\/duvana-ambalaza\/boce\/\">Bottles<\/a><\/h6>\n                <div class=\"sc_services_item_text\"><p>Duvana ambala\u017ea Boce Duvana ambala\u017ea Boce Boce Visok kvalitet Sertifikovano Boca V=100 ml Boca V=250 ml Boca V=500 ml Boca V=1 L Boca V= 1 L s\u030ciroko grlo &#8211; graduisana&hellip;<\/p>\n<\/div><div class=\"sc_services_item_button sc_item_button\">\n                    <a href=\"https:\/\/www.dunavplast.com\/eng\/proizvodi\/duvana-ambalaza\/boce\/\" class=\"sc_services_item_more_link\">\n                        <span class=\"link_text\">Read More<\/span><span class=\"link_icon\"><\/span>\n                    <\/a>\n                    <\/div><\/div><\/div><a class=\"sc_services_item_link\" href=\"https:\/\/www.dunavplast.com\/eng\/proizvodi\/duvana-ambalaza\/boce\/\"><\/a><\/div><\/div><\/div><div class=\"trx_addons_column-1_2\"><div data-post-id=\"17545\" class=\"sc_services_item sc_item_container post_container with_content with_more with_image with_number post-17545 page type-page status-publish has-post-thumbnail hentry\">\n\t\t<div class=\"sc_services_item_content\" style=\"background-image: url(https:\/\/www.dunavplast.com\/wp-content\/uploads\/2021\/08\/spric-boce-cover.jpg);\">\n\t\t\t\t<div class=\"sc_services_item_content_inner\"><div class=\"sc_services_item_content_inner_top\"><span class=\"sc_services_item_number\">02<\/span><\/div><div class=\"sc_services_item_content_inner_bottom\">\n                <h6 class=\"sc_services_item_title\"><a href=\"https:\/\/www.dunavplast.com\/eng\/proizvodi\/duvana-ambalaza\/spric-boce\/\">Wash bottles<\/a><\/h6>\n                <div class=\"sc_services_item_text\"><p>Duvana ambala\u017ea \u0160pric boce Duvana ambala\u017ea \u0160pric boce \u0160pric boce Visok kvalitet Sertifikovano S\u030cpric boca V=100 ml S\u030cpric boca V=250 ml S\u030cpric boca 500 V=ml S\u030cpric boca V=1 L Prethodna&hellip;<\/p>\n<\/div><div class=\"sc_services_item_button sc_item_button\">\n                    <a href=\"https:\/\/www.dunavplast.com\/eng\/proizvodi\/duvana-ambalaza\/spric-boce\/\" class=\"sc_services_item_more_link\">\n                        <span class=\"link_text\">Read More<\/span><span class=\"link_icon\"><\/span>\n                    <\/a>\n                    <\/div><\/div><\/div><a class=\"sc_services_item_link\" href=\"https:\/\/www.dunavplast.com\/eng\/proizvodi\/duvana-ambalaza\/spric-boce\/\"><\/a><\/div><\/div><\/div><\/div><\/div>\t\t<\/div>\n\t\t\t\t<\/div>\n\t\t\t\t<div class=\"elementor-element elementor-element-9fabfe1 sc_height_small animation_type_block sc_fly_static elementor-widget elementor-widget-spacer\" data-id=\"9fabfe1\" data-element_type=\"widget\" data-widget_type=\"spacer.default\">\n\t\t\t\t<div class=\"elementor-widget-container\">\n\t\t\t\t\t<div class=\"elementor-spacer\">\n\t\t\t<div class=\"elementor-spacer-inner\"><\/div>\n\t\t<\/div>\n\t\t\t\t<\/div>\n\t\t\t\t<\/div>\n\t\t\t\t<div class=\"elementor-element elementor-element-a559e61 animation_type_block sc_fly_static elementor-widget elementor-widget-trx_sc_button\" data-id=\"a559e61\" data-element_type=\"widget\" data-widget_type=\"trx_sc_button.default\">\n\t\t\t\t<div class=\"elementor-widget-container\">\n\t\t\t<div\tclass=\"sc_item_button sc_button_wrap sc_align_center\" ><a href=\"\/eng\/proizvodi\/\" class=\"sc_button sc_button_default sc_button_size_normal sc_button_icon_left\" ><span class=\"sc_button_text\"><span class=\"sc_button_title\">Return to products<\/span><\/span><\/a><\/div>\t\t<\/div>\n\t\t\t\t<\/div>\n\t\t\t\t<div class=\"elementor-element elementor-element-af864d8 sc_height_huge animation_type_block sc_fly_static elementor-widget elementor-widget-spacer\" data-id=\"af864d8\" data-element_type=\"widget\" data-widget_type=\"spacer.default\">\n\t\t\t\t<div class=\"elementor-widget-container\">\n\t\t\t\t\t<div class=\"elementor-spacer\">\n\t\t\t<div class=\"elementor-spacer-inner\"><\/div>\n\t\t<\/div>\n\t\t\t\t<\/div>\n\t\t\t\t<\/div>\n\t\t\t\t\t<\/div>\n\t\t<\/div>\n\t\t\t\t\t\t\t<\/div>\n\t\t<\/section>\n\t\t\t\t\t\t<\/div>\n\t\t\t\t\t<\/div>","protected":false},"excerpt":{"rendered":"<p>Izaberite podkategoriju proizvodne grupe Duvana ambala\u017ea 01 Boce Duvana ambala\u017ea Boce Boce Visok kvalitet Sertifikovano Boca V=100 ml Boca V=250 ml Boca V=500 ml Boca V=1 L Boca V= 1&hellip;<\/p>","protected":false},"author":4,"featured_media":17568,"parent":17050,"menu_order":0,"comment_status":"closed","ping_status":"closed","template":"","meta":{"inline_featured_image":false,"_exactmetrics_skip_tracking":false,"_exactmetrics_sitenote_active":false,"_exactmetrics_sitenote_note":"","_exactmetrics_sitenote_category":0,"footnotes":""},"class_list":["post-17483","page","type-page","status-publish","has-post-thumbnail","hentry"],"aioseo_notices":[],"_links":{"self":[{"href":"https:\/\/www.dunavplast.com\/eng\/wp-json\/wp\/v2\/pages\/17483"}],"collection":[{"href":"https:\/\/www.dunavplast.com\/eng\/wp-json\/wp\/v2\/pages"}],"about":[{"href":"https:\/\/www.dunavplast.com\/eng\/wp-json\/wp\/v2\/types\/page"}],"author":[{"embeddable":true,"href":"https:\/\/www.dunavplast.com\/eng\/wp-json\/wp\/v2\/users\/4"}],"replies":[{"embeddable":true,"href":"https:\/\/www.dunavplast.com\/eng\/wp-json\/wp\/v2\/comments?post=17483"}],"version-history":[{"count":17,"href":"https:\/\/www.dunavplast.com\/eng\/wp-json\/wp\/v2\/pages\/17483\/revisions"}],"predecessor-version":[{"id":18925,"href":"https:\/\/www.dunavplast.com\/eng\/wp-json\/wp\/v2\/pages\/17483\/revisions\/18925"}],"up":[{"embeddable":true,"href":"https:\/\/www.dunavplast.com\/eng\/wp-json\/wp\/v2\/pages\/17050"}],"wp:featuredmedia":[{"embeddable":true,"href":"https:\/\/www.dunavplast.com\/eng\/wp-json\/wp\/v2\/media\/17568"}],"wp:attachment":[{"href":"https:\/\/www.dunavplast.com\/eng\/wp-json\/wp\/v2\/media?parent=17483"}],"curies":[{"name":"wp","href":"https:\/\/api.w.org\/{rel}","templated":true}]}}